{"id":280,"date":"2026-03-19T16:43:51","date_gmt":"2026-03-19T16:43:51","guid":{"rendered":"https:\/\/schoolsearch.com.mx\/terminos-y-condiciones\/"},"modified":"2026-03-23T13:25:14","modified_gmt":"2026-03-23T13:25:14","slug":"terminos-y-condiciones","status":"publish","type":"page","link":"https:\/\/schoolsearch.com.mx\/es\/terminos-y-condiciones\/","title":{"rendered":"T\u00e9rminos y Condiciones"},"content":{"rendered":"<div data-elementor-type=\"wp-page\" data-elementor-id=\"280\" class=\"elementor elementor-280 elementor-154\" data-elementor-post-type=\"page\">\n\t\t\t\t<div class=\"elementor-element elementor-element-c0406d1 e-con-full e-flex e-con e-parent\" data-id=\"c0406d1\" data-element_type=\"container\" data-e-type=\"container\" data-settings=\"{&quot;background_background&quot;:&quot;classic&quot;}\">\n\t\t<div class=\"elementor-element elementor-element-9a021d9 e-flex e-con-boxed e-con e-child\" data-id=\"9a021d9\" data-element_type=\"container\" data-e-type=\"container\">\n\t\t\t\t\t<div class=\"e-con-inner\">\n\t\t\t\t<div class=\"elementor-element elementor-element-a9c2735 elementor-widget elementor-widget-heading\" data-id=\"a9c2735\" data-element_type=\"widget\" data-e-type=\"widget\" data-widget_type=\"heading.default\">\n\t\t\t\t\t<h2 class=\"elementor-heading-title elementor-size-default\">T\u00e9rminos y Condiciones<\/h2>\t\t\t\t<\/div>\n\t\t\t\t\t<\/div>\n\t\t\t\t<\/div>\n\t\t\t\t<\/div>\n\t\t<div class=\"elementor-element elementor-element-b0ed920 e-flex e-con-boxed e-con e-parent\" data-id=\"b0ed920\" data-element_type=\"container\" data-e-type=\"container\" data-settings=\"{&quot;background_background&quot;:&quot;classic&quot;}\">\n\t\t\t\t\t<div class=\"e-con-inner\">\n\t\t\t\t<div class=\"elementor-element elementor-element-8240030 elementor-widget__width-initial elementor-widget-mobile__width-initial elementor-widget elementor-widget-text-editor\" data-id=\"8240030\" data-element_type=\"widget\" data-e-type=\"widget\" data-widget_type=\"text-editor.default\">\n\t\t\t\t\t\t\t\t\t<p data-start=\"296\" data-end=\"474\">Bienvenido a SchoolSearch.com.mx. Al acceder y utilizar este sitio web, aceptas cumplir con los presentes T\u00e9rminos y Condiciones.  <\/p><p data-start=\"476\" data-end=\"545\">Si no est\u00e1s de acuerdo, te recomendamos no utilizar el sitio.<\/p>\t\t\t\t\t\t\t\t<\/div>\n\t\t\t\t\t<\/div>\n\t\t\t\t<\/div>\n\t\t<div class=\"elementor-element elementor-element-1d319aa e-flex e-con-boxed e-con e-parent\" data-id=\"1d319aa\" data-element_type=\"container\" data-e-type=\"container\" data-settings=\"{&quot;background_background&quot;:&quot;classic&quot;}\">\n\t\t\t\t\t<div class=\"e-con-inner\">\n\t\t\t\t<div class=\"elementor-element elementor-element-0152797 elementor-widget elementor-widget-heading\" data-id=\"0152797\" data-element_type=\"widget\" data-e-type=\"widget\" data-widget_type=\"heading.default\">\n\t\t\t\t\t<h2 class=\"elementor-heading-title elementor-size-default\">Uso del sitio<\/h2>\t\t\t\t<\/div>\n\t\t\t\t<div class=\"elementor-element elementor-element-528e413 elementor-widget__width-initial elementor-widget-mobile__width-initial elementor-widget elementor-widget-text-editor\" data-id=\"528e413\" data-element_type=\"widget\" data-e-type=\"widget\" data-widget_type=\"text-editor.default\">\n\t\t\t\t\t\t\t\t\t<p data-start=\"578\" data-end=\"746\">SchoolSearch.com.mx es una plataforma informativa dise\u00f1ada para ayudar a las familias a explorar y comparar escuelas en San Miguel de Allende. El uso del sitio es \u00fanicamente para fines informativos y personales.<\/p><p data-start=\"748\" data-end=\"769\">No est\u00e1 permitido:<\/p><p data-start=\"771\" data-end=\"931\">\u2022 Usar el sitio para fines ilegales<br data-start=\"806\" data-end=\"809\">\u2022 Intentar alterar o interferir con el funcionamiento del sitio<br data-start=\"847\" data-end=\"850\">\u2022 Copiar o reproducir contenido sin autorizaci\u00f3n<br data-start=\"891\" data-end=\"894\">\u2022 Encuestas y herramientas de retroalimentaci\u00f3n opcionales<\/p><p data-start=\"933\" data-end=\"1005\">El contenido de este sitio web tiene \u00fanicamente fines informativos.<\/p>\t\t\t\t\t\t\t\t<\/div>\n\t\t\t\t\t<\/div>\n\t\t\t\t<\/div>\n\t\t<div class=\"elementor-element elementor-element-900d726 e-flex e-con-boxed e-con e-parent\" data-id=\"900d726\" data-element_type=\"container\" data-e-type=\"container\" data-settings=\"{&quot;background_background&quot;:&quot;classic&quot;}\">\n\t\t\t\t\t<div class=\"e-con-inner\">\n\t\t\t\t<div class=\"elementor-element elementor-element-a17876a elementor-widget elementor-widget-heading\" data-id=\"a17876a\" data-element_type=\"widget\" data-e-type=\"widget\" data-widget_type=\"heading.default\">\n\t\t\t\t\t<h2 class=\"elementor-heading-title elementor-size-default\">Precisi\u00f3n de la informaci\u00f3n<\/h2>\t\t\t\t<\/div>\n\t\t\t\t<div class=\"elementor-element elementor-element-7c53b93 elementor-widget__width-initial elementor-widget-mobile__width-initial elementor-widget elementor-widget-text-editor\" data-id=\"7c53b93\" data-element_type=\"widget\" data-e-type=\"widget\" data-widget_type=\"text-editor.default\">\n\t\t\t\t\t\t\t\t\t<p data-start=\"1039\" data-end=\"1185\">SchoolSearch.com.mx hace esfuerzos razonables para ofrecer informaci\u00f3n precisa y actualizada sobre las escuelas. Sin embargo, los datos pueden cambiar con el tiempo. <\/p><p data-start=\"1187\" data-end=\"1271\">Los detalles de las escuelas, como los rangos de colegiatura, programas y pol\u00edticas, se proporcionan en base a:<\/p><p data-start=\"1273\" data-end=\"1373\">\u2022 Informaci\u00f3n proporcionada por las escuelas<br data-start=\"1307\" data-end=\"1310\">\u2022 Informaci\u00f3n disponible p\u00fablicamente<br data-start=\"1342\" data-end=\"1345\">\u2022 Opiniones generales de la comunidad<\/p><p data-start=\"1375\" data-end=\"1497\">SchoolSearch.com.mx no garantiza la exactitud, integridad ni actualidad de toda la informaci\u00f3n presentada en el sitio.<\/p><p data-start=\"1499\" data-end=\"1594\">Las familias deben comunicarse directamente con las escuelas para confirmar los detalles antes de tomar decisiones de inscripci\u00f3n.<\/p>\t\t\t\t\t\t\t\t<\/div>\n\t\t\t\t\t<\/div>\n\t\t\t\t<\/div>\n\t\t<div class=\"elementor-element elementor-element-800d7ed e-flex e-con-boxed e-con e-parent\" data-id=\"800d7ed\" data-element_type=\"container\" data-e-type=\"container\" data-settings=\"{&quot;background_background&quot;:&quot;classic&quot;}\">\n\t\t\t\t\t<div class=\"e-con-inner\">\n\t\t\t\t<div class=\"elementor-element elementor-element-d5060cd elementor-widget elementor-widget-heading\" data-id=\"d5060cd\" data-element_type=\"widget\" data-e-type=\"widget\" data-widget_type=\"heading.default\">\n\t\t\t\t\t<h2 class=\"elementor-heading-title elementor-size-default\">Sin aval de las escuelas\n<\/h2>\t\t\t\t<\/div>\n\t\t\t\t<div class=\"elementor-element elementor-element-6dec426 elementor-widget__width-initial elementor-widget-mobile__width-initial elementor-widget elementor-widget-text-editor\" data-id=\"6dec426\" data-element_type=\"widget\" data-e-type=\"widget\" data-widget_type=\"text-editor.default\">\n\t\t\t\t\t\t\t\t\t<p data-start=\"1630\" data-end=\"1704\">SchoolSearch.com.mx no avala, clasifica ni recomienda escuelas espec\u00edficas.<\/p><p data-start=\"1706\" data-end=\"1853\">Cada familia tiene prioridades educativas \u00fanicas, y el prop\u00f3sito del directorio es ofrecer informaci\u00f3n que ayude a los padres a conocer sus opciones.<\/p><p data-start=\"1855\" data-end=\"1988\">Los perfiles de las escuelas y las opiniones de la comunidad est\u00e1n dise\u00f1ados para apoyar decisiones informadas, no para favorecer a una instituci\u00f3n sobre otra.<\/p>\t\t\t\t\t\t\t\t<\/div>\n\t\t\t\t\t<\/div>\n\t\t\t\t<\/div>\n\t\t<div class=\"elementor-element elementor-element-abc1b6d e-flex e-con-boxed e-con e-parent\" data-id=\"abc1b6d\" data-element_type=\"container\" data-e-type=\"container\" data-settings=\"{&quot;background_background&quot;:&quot;classic&quot;}\">\n\t\t\t\t\t<div class=\"e-con-inner\">\n\t\t\t\t<div class=\"elementor-element elementor-element-ef41e3f elementor-widget elementor-widget-heading\" data-id=\"ef41e3f\" data-element_type=\"widget\" data-e-type=\"widget\" data-widget_type=\"heading.default\">\n\t\t\t\t\t<h2 class=\"elementor-heading-title elementor-size-default\">Aportaciones de los usuarios<\/h2>\t\t\t\t<\/div>\n\t\t\t\t<div class=\"elementor-element elementor-element-7771bca elementor-widget__width-initial elementor-widget-mobile__width-initial elementor-widget elementor-widget-text-editor\" data-id=\"7771bca\" data-element_type=\"widget\" data-e-type=\"widget\" data-widget_type=\"text-editor.default\">\n\t\t\t\t\t\t\t\t\t<p data-start=\"2017\" data-end=\"2106\">Los usuarios pueden enviar informaci\u00f3n a trav\u00e9s de encuestas, formularios de contacto o formularios de informaci\u00f3n de escuelas.<\/p><p data-start=\"2108\" data-end=\"2173\">Al enviar informaci\u00f3n a SchoolSearch.com.mx, aceptas que:<\/p><p data-start=\"2175\" data-end=\"2412\">\u2022 La informaci\u00f3n que proporcionas es precisa seg\u00fan tu conocimiento<br data-start=\"2246\" data-end=\"2249\">\u2022 La informaci\u00f3n puede usarse para mejorar el sitio web y el directorio<br data-start=\"2315\" data-end=\"2318\">\u2022 Las respuestas agregadas o resumidas pueden mostrarse p\u00fablicamente sin identificar a las personas<\/p><p data-start=\"2414\" data-end=\"2498\">SchoolSearch.com.mx se reserva el derecho de revisar, editar o eliminar el contenido enviado.<\/p>\t\t\t\t\t\t\t\t<\/div>\n\t\t\t\t\t<\/div>\n\t\t\t\t<\/div>\n\t\t<div class=\"elementor-element elementor-element-c88e1f5 e-flex e-con-boxed e-con e-parent\" data-id=\"c88e1f5\" data-element_type=\"container\" data-e-type=\"container\" data-settings=\"{&quot;background_background&quot;:&quot;classic&quot;}\">\n\t\t\t\t\t<div class=\"e-con-inner\">\n\t\t\t\t<div class=\"elementor-element elementor-element-dee38c8 elementor-widget elementor-widget-heading\" data-id=\"dee38c8\" data-element_type=\"widget\" data-e-type=\"widget\" data-widget_type=\"heading.default\">\n\t\t\t\t\t<h2 class=\"elementor-heading-title elementor-size-default\">Uso aceptable<\/h2>\t\t\t\t<\/div>\n\t\t\t\t<div class=\"elementor-element elementor-element-897b1aa elementor-widget__width-initial elementor-widget-mobile__width-initial elementor-widget elementor-widget-text-editor\" data-id=\"897b1aa\" data-element_type=\"widget\" data-e-type=\"widget\" data-widget_type=\"text-editor.default\">\n\t\t\t\t\t\t\t\t\t<p data-start=\"2523\" data-end=\"2560\">Aceptas no usar este sitio web para:<\/p><p data-start=\"2562\" data-end=\"2778\">\u2022 Enviar informaci\u00f3n falsa o enga\u00f1osa<br data-start=\"2602\" data-end=\"2605\">\u2022 Intentar interrumpir el funcionamiento del sitio web<br data-start=\"2654\" data-end=\"2657\">\u2022 Recopilar datos del sitio con fines comerciales sin permiso<br data-start=\"2728\" data-end=\"2731\">\u2022 Publicar contenido abusivo, difamatorio o ilegal<\/p><p data-start=\"2780\" data-end=\"2871\">SchoolSearch.com.mx se reserva el derecho de restringir el acceso a los usuarios que incumplan estos t\u00e9rminos.<\/p>\t\t\t\t\t\t\t\t<\/div>\n\t\t\t\t\t<\/div>\n\t\t\t\t<\/div>\n\t\t<div class=\"elementor-element elementor-element-a57ed57 e-flex e-con-boxed e-con e-parent\" data-id=\"a57ed57\" data-element_type=\"container\" data-e-type=\"container\" data-settings=\"{&quot;background_background&quot;:&quot;classic&quot;}\">\n\t\t\t\t\t<div class=\"e-con-inner\">\n\t\t\t\t<div class=\"elementor-element elementor-element-691a3cc elementor-widget elementor-widget-heading\" data-id=\"691a3cc\" data-element_type=\"widget\" data-e-type=\"widget\" data-widget_type=\"heading.default\">\n\t\t\t\t\t<h2 class=\"elementor-heading-title elementor-size-default\">Propiedad intelectual<\/h2>\t\t\t\t<\/div>\n\t\t\t\t<div class=\"elementor-element elementor-element-49b1fca elementor-widget__width-initial elementor-widget-mobile__width-initial elementor-widget elementor-widget-text-editor\" data-id=\"49b1fca\" data-element_type=\"widget\" data-e-type=\"widget\" data-widget_type=\"text-editor.default\">\n\t\t\t\t\t\t\t\t\t<p data-start=\"2903\" data-end=\"3053\">Todo el contenido de SchoolSearch.com.mx, incluidos textos, elementos de dise\u00f1o, logotipos e im\u00e1genes, es propiedad de SchoolSearch.com.mx, salvo que se indique lo contrario.<\/p><p data-start=\"3055\" data-end=\"3130\">El contenido no puede reproducirse, copiarse ni redistribuirse sin autorizaci\u00f3n.<\/p>\t\t\t\t\t\t\t\t<\/div>\n\t\t\t\t\t<\/div>\n\t\t\t\t<\/div>\n\t\t<div class=\"elementor-element elementor-element-88a90cf e-flex e-con-boxed e-con e-parent\" data-id=\"88a90cf\" data-element_type=\"container\" data-e-type=\"container\" data-settings=\"{&quot;background_background&quot;:&quot;classic&quot;}\">\n\t\t\t\t\t<div class=\"e-con-inner\">\n\t\t\t\t<div class=\"elementor-element elementor-element-97ea8ae elementor-widget elementor-widget-heading\" data-id=\"97ea8ae\" data-element_type=\"widget\" data-e-type=\"widget\" data-widget_type=\"heading.default\">\n\t\t\t\t\t<h2 class=\"elementor-heading-title elementor-size-default\">Enlaces a terceros<\/h2>\t\t\t\t<\/div>\n\t\t\t\t<div class=\"elementor-element elementor-element-682f84a elementor-widget__width-initial elementor-widget-mobile__width-initial elementor-widget elementor-widget-text-editor\" data-id=\"682f84a\" data-element_type=\"widget\" data-e-type=\"widget\" data-widget_type=\"text-editor.default\">\n\t\t\t\t\t\t\t\t\t<p data-start=\"3158\" data-end=\"3260\">SchoolSearch.com.mx puede contener enlaces a sitios web externos administrados por escuelas u otras organizaciones.<\/p><p data-start=\"3262\" data-end=\"3401\">TEstos enlaces se ofrecen por conveniencia. SchoolSearch.com.mx no se responsabiliza del contenido ni de las pol\u00edticas de privacidad de los sitios externos.. <\/p>\t\t\t\t\t\t\t\t<\/div>\n\t\t\t\t\t<\/div>\n\t\t\t\t<\/div>\n\t\t<div class=\"elementor-element elementor-element-712c343 e-flex e-con-boxed e-con e-parent\" data-id=\"712c343\" data-element_type=\"container\" data-e-type=\"container\" data-settings=\"{&quot;background_background&quot;:&quot;classic&quot;}\">\n\t\t\t\t\t<div class=\"e-con-inner\">\n\t\t\t\t<div class=\"elementor-element elementor-element-db21202 elementor-widget elementor-widget-heading\" data-id=\"db21202\" data-element_type=\"widget\" data-e-type=\"widget\" data-widget_type=\"heading.default\">\n\t\t\t\t\t<h2 class=\"elementor-heading-title elementor-size-default\">Limitaci\u00f3n de responsabilidad<\/h2>\t\t\t\t<\/div>\n\t\t\t\t<div class=\"elementor-element elementor-element-80d511c elementor-widget__width-initial elementor-widget-mobile__width-initial elementor-widget elementor-widget-text-editor\" data-id=\"80d511c\" data-element_type=\"widget\" data-e-type=\"widget\" data-widget_type=\"text-editor.default\">\n\t\t\t\t\t\t\t\t\t<p data-start=\"3435\" data-end=\"3487\">SchoolSearch.com.mx se ofrece \u201ctal cual\u201d sin garant\u00edas.<\/p><p data-start=\"3489\" data-end=\"3616\">El sitio web y sus operadores no se responsabilizan de las decisiones que tomen las familias bas\u00e1ndose en la informaci\u00f3n proporcionada en \u00e9l.<\/p><p data-start=\"3618\" data-end=\"3761\">Al usar este sitio web, aceptas que SchoolSearch.com.mx no ser\u00e1 responsable de ning\u00fan da\u00f1o directo o indirecto relacionado con el uso del sitio.<\/p>\t\t\t\t\t\t\t\t<\/div>\n\t\t\t\t\t<\/div>\n\t\t\t\t<\/div>\n\t\t<div class=\"elementor-element elementor-element-a29911f e-flex e-con-boxed e-con e-parent\" data-id=\"a29911f\" data-element_type=\"container\" data-e-type=\"container\" data-settings=\"{&quot;background_background&quot;:&quot;classic&quot;}\">\n\t\t\t\t\t<div class=\"e-con-inner\">\n\t\t\t\t<div class=\"elementor-element elementor-element-c1f7971 elementor-widget elementor-widget-heading\" data-id=\"c1f7971\" data-element_type=\"widget\" data-e-type=\"widget\" data-widget_type=\"heading.default\">\n\t\t\t\t\t<h2 class=\"elementor-heading-title elementor-size-default\">Cambios en estos t\u00e9rminos<\/h2>\t\t\t\t<\/div>\n\t\t\t\t<div class=\"elementor-element elementor-element-6db3dc6 elementor-widget__width-initial elementor-widget-mobile__width-initial elementor-widget elementor-widget-text-editor\" data-id=\"6db3dc6\" data-element_type=\"widget\" data-e-type=\"widget\" data-widget_type=\"text-editor.default\">\n\t\t\t\t\t\t\t\t\t<p>SchoolSearch.com.mx puede actualizar estos T\u00e9rminos de Uso de vez en cuando. Las actualizaciones se publicar\u00e1n en esta p\u00e1gina con la fecha de vigencia revisada. <\/p><p> <\/p>\t\t\t\t\t\t\t\t<\/div>\n\t\t\t\t\t<\/div>\n\t\t\t\t<\/div>\n\t\t<div class=\"elementor-element elementor-element-7b28d4b e-flex e-con-boxed e-con e-parent\" data-id=\"7b28d4b\" data-element_type=\"container\" data-e-type=\"container\" data-settings=\"{&quot;background_background&quot;:&quot;classic&quot;}\">\n\t\t\t\t\t<div class=\"e-con-inner\">\n\t\t\t\t<div class=\"elementor-element elementor-element-6c1656c elementor-widget elementor-widget-heading\" data-id=\"6c1656c\" data-element_type=\"widget\" data-e-type=\"widget\" data-widget_type=\"heading.default\">\n\t\t\t\t\t<h2 class=\"elementor-heading-title elementor-size-default\">Cont\u00e1ctanos<\/h2>\t\t\t\t<\/div>\n\t\t\t\t<div class=\"elementor-element elementor-element-a602644 elementor-widget__width-initial elementor-widget-mobile__width-initial elementor-widget elementor-widget-text-editor\" data-id=\"a602644\" data-element_type=\"widget\" data-e-type=\"widget\" data-widget_type=\"text-editor.default\">\n\t\t\t\t\t\t\t\t\t<p>Cualquier pregunta sobre estos T\u00e9rminos de Uso puede dirigirse a:<\/p>\t\t\t\t\t\t\t\t<\/div>\n\t\t\t\t\t<\/div>\n\t\t\t\t<\/div>\n\t\t\t\t<\/div>","protected":false},"excerpt":{"rendered":"<p>T\u00e9rminos y Condiciones Bienvenido a SchoolSearch.com.mx. Al acceder y utilizar este sitio web, aceptas cumplir con los presentes T\u00e9rminos y [&hellip;]<\/p>\n","protected":false},"author":3,"featured_media":0,"parent":0,"menu_order":0,"comment_status":"closed","ping_status":"closed","template":"","meta":{"site-sidebar-layout":"no-sidebar","site-content-layout":"","ast-site-content-layout":"full-width-container","site-content-style":"default","site-sidebar-style":"default","ast-global-header-display":"","ast-banner-title-visibility":"","ast-main-header-display":"","ast-hfb-above-header-display":"","ast-hfb-below-header-display":"","ast-hfb-mobile-header-display":"","site-post-title":"disabled","ast-breadcrumbs-content":"","ast-featured-img":"disabled","footer-sml-layout":"","ast-disable-related-posts":"","theme-transparent-header-meta":"","adv-header-id-meta":"","stick-header-meta":"","header-above-stick-meta":"","header-main-stick-meta":"","header-below-stick-meta":"","astra-migrate-meta-layouts":"default","ast-page-background-enabled":"default","ast-page-background-meta":{"desktop":{"background-color":"var(--ast-global-color-5)","background-image":"","background-repeat":"repeat","background-position":"center center","background-size":"auto","background-attachment":"scroll","background-type":"","background-media":"","overlay-type":"","overlay-color":"","overlay-opacity":"","overlay-gradient":""},"tablet":{"background-color":"","background-image":"","background-repeat":"repeat","background-position":"center center","background-size":"auto","background-attachment":"scroll","background-type":"","background-media":"","overlay-type":"","overlay-color":"","overlay-opacity":"","overlay-gradient":""},"mobile":{"background-color":"","background-image":"","background-repeat":"repeat","background-position":"center center","background-size":"auto","background-attachment":"scroll","background-type":"","background-media":"","overlay-type":"","overlay-color":"","overlay-opacity":"","overlay-gradient":""}},"ast-content-background-meta":{"desktop":{"background-color":"var(--ast-global-color-4)","background-image":"","background-repeat":"repeat","background-position":"center center","background-size":"auto","background-attachment":"scroll","background-type":"","background-media":"","overlay-type":"","overlay-color":"","overlay-opacity":"","overlay-gradient":""},"tablet":{"background-color":"var(--ast-global-color-4)","background-image":"","background-repeat":"repeat","background-position":"center center","background-size":"auto","background-attachment":"scroll","background-type":"","background-media":"","overlay-type":"","overlay-color":"","overlay-opacity":"","overlay-gradient":""},"mobile":{"background-color":"var(--ast-global-color-4)","background-image":"","background-repeat":"repeat","background-position":"center center","background-size":"auto","background-attachment":"scroll","background-type":"","background-media":"","overlay-type":"","overlay-color":"","overlay-opacity":"","overlay-gradient":""}},"footnotes":""},"class_list":["post-280","page","type-page","status-publish","hentry"],"_links":{"self":[{"href":"https:\/\/schoolsearch.com.mx\/es\/wp-json\/wp\/v2\/pages\/280","targetHints":{"allow":["GET"]}}],"collection":[{"href":"https:\/\/schoolsearch.com.mx\/es\/wp-json\/wp\/v2\/pages"}],"about":[{"href":"https:\/\/schoolsearch.com.mx\/es\/wp-json\/wp\/v2\/types\/page"}],"author":[{"embeddable":true,"href":"https:\/\/schoolsearch.com.mx\/es\/wp-json\/wp\/v2\/users\/3"}],"replies":[{"embeddable":true,"href":"https:\/\/schoolsearch.com.mx\/es\/wp-json\/wp\/v2\/comments?post=280"}],"version-history":[{"count":0,"href":"https:\/\/schoolsearch.com.mx\/es\/wp-json\/wp\/v2\/pages\/280\/revisions"}],"wp:attachment":[{"href":"https:\/\/schoolsearch.com.mx\/es\/wp-json\/wp\/v2\/media?parent=280"}],"curies":[{"name":"wp","href":"https:\/\/api.w.org\/{rel}","templated":true}]}}