{"id":279,"date":"2026-03-19T08:15:29","date_gmt":"2026-03-19T08:15:29","guid":{"rendered":"https:\/\/schoolsearch.com.mx\/familias\/"},"modified":"2026-05-05T20:39:19","modified_gmt":"2026-05-05T20:39:19","slug":"familias","status":"publish","type":"page","link":"https:\/\/schoolsearch.com.mx\/es\/familias\/","title":{"rendered":"Familias"},"content":{"rendered":"\t\t<div data-elementor-type=\"wp-page\" data-elementor-id=\"279\" class=\"elementor elementor-279 elementor-143\" data-elementor-post-type=\"page\">\n\t\t\t\t<div class=\"elementor-element elementor-element-88246af e-con-full e-flex e-con e-parent\" data-id=\"88246af\" data-element_type=\"container\" data-e-type=\"container\" data-settings=\"{&quot;background_background&quot;:&quot;classic&quot;}\">\n\t\t<div class=\"elementor-element elementor-element-573ec5f e-flex e-con-boxed e-con e-child\" data-id=\"573ec5f\" data-element_type=\"container\" data-e-type=\"container\">\n\t\t\t\t\t<div class=\"e-con-inner\">\n\t\t\t\t<div class=\"elementor-element elementor-element-6942832 elementor-widget elementor-widget-heading\" data-id=\"6942832\" data-element_type=\"widget\" data-e-type=\"widget\" data-widget_type=\"heading.default\">\n\t\t\t\t\t<h2 class=\"elementor-heading-title elementor-size-default\">Familias<\/h2>\t\t\t\t<\/div>\n\t\t\t\t<div class=\"elementor-element elementor-element-34e087c elementor-widget elementor-widget-text-editor\" data-id=\"34e087c\" data-element_type=\"widget\" data-e-type=\"widget\" data-widget_type=\"text-editor.default\">\n\t\t\t\t\t\t\t\t\t<p>Ay\u00fadanos a mejorar continuamente la calidad y utilidad de la informaci\u00f3n en nuestro sitio compartiendo tu experiencia con escuelas en San Miguel.<\/p>\t\t\t\t\t\t\t\t<\/div>\n\t\t\t\t<div class=\"elementor-element elementor-element-9a5b985 elementor-align-center elementor-widget__width-initial elementor-widget elementor-widget-button\" data-id=\"9a5b985\" data-element_type=\"widget\" data-e-type=\"widget\" data-widget_type=\"button.default\">\n\t\t\t\t\t\t\t\t\t\t<a class=\"elementor-button elementor-button-link elementor-size-sm\" href=\"#parent-survey\">\n\t\t\t\t\t\t<span class=\"elementor-button-content-wrapper\">\n\t\t\t\t\t\t\t\t\t<span class=\"elementor-button-text\">Compartir su experiencia<\/span>\n\t\t\t\t\t<\/span>\n\t\t\t\t\t<\/a>\n\t\t\t\t\t\t\t\t<\/div>\n\t\t\t\t\t<\/div>\n\t\t\t\t<\/div>\n\t\t\t\t<\/div>\n\t\t<div class=\"elementor-element elementor-element-ce71931 e-flex e-con-boxed e-con e-parent\" data-id=\"ce71931\" data-element_type=\"container\" data-e-type=\"container\" data-settings=\"{&quot;background_background&quot;:&quot;classic&quot;}\">\n\t\t\t\t\t<div class=\"e-con-inner\">\n\t\t<div class=\"elementor-element elementor-element-ed239e6 e-con-full e-flex e-con e-child\" data-id=\"ed239e6\" data-element_type=\"container\" data-e-type=\"container\" data-settings=\"{&quot;background_background&quot;:&quot;classic&quot;}\">\n\t\t\t\t<div class=\"elementor-element elementor-element-df7b729 elementor-widget elementor-widget-heading\" data-id=\"df7b729\" data-element_type=\"widget\" data-e-type=\"widget\" data-widget_type=\"heading.default\">\n\t\t\t\t\t<h2 class=\"elementor-heading-title elementor-size-default\">Cu\u00e9ntanos sobre tus experiencias con las escuelas<\/h2>\t\t\t\t<\/div>\n\t\t\t\t<div class=\"elementor-element elementor-element-c9a8776 elementor-widget elementor-widget-text-editor\" data-id=\"c9a8776\" data-element_type=\"widget\" data-e-type=\"widget\" data-widget_type=\"text-editor.default\">\n\t\t\t\t\t\t\t\t\t<p>Estamos recopilando informaci\u00f3n de padres de familia locales para enriquecer nuestros perfiles de escuelas. Tus respuestas se utilizar\u00e1n de forma an\u00f3nima para crear orientaci\u00f3n general para las familias que buscan escuela en San Miguel de Allende.  <\/p><p>Te invitamos a participar si actualmente tienes o has tenido hijos inscritos en escuelas en SMA.<\/p><p>\u00a1Agradecemos mucho tu participaci\u00f3n!<\/p><p><strong>Si conoces a otros padres con hijos en edad escolar en San Miguel de Allende, te invitamos a compartirles la encuesta.<\/strong><\/p><p>Comparte la encuesta f\u00e1cilmente haciendo clic aqu\u00ed:<\/p>\t\t\t\t\t\t\t\t<\/div>\n\t\t\t\t<div class=\"elementor-element elementor-element-39773a9 elementor-align-center elementor-widget__width-initial elementor-widget elementor-widget-button\" data-id=\"39773a9\" data-element_type=\"widget\" data-e-type=\"widget\" data-widget_type=\"button.default\">\n\t\t\t\t\t\t\t\t\t\t<a class=\"elementor-button elementor-button-link elementor-size-sm\" href=\"https:\/\/wa.me\/?text=SchoolSearch.com.mx%20est%C3%A1%20creando%20un%20directorio%20de%20escuelas%20en%20San%20Miguel%20de%20Allende.Por%20favor%2C%20t%C3%B3mate%20unos%20minutos%20para%20responder%20su%20encuesta%20para%20padres%20y%20ayudar%20a%20mejorar%20la%20informaci%C3%B3n%20para%20otras%20familias.%20Al%20participar%2C%20entras%20autom%C3%A1ticamente%20en%20una%20rifa%20de%20una%20beca%20para%20gastos%20escolares%20%28hasta%20%245%2C000%20pesos%29.https%3A%2F%2Fwww.schoolsearch.com.mx%2Fparents\">\n\t\t\t\t\t\t<span class=\"elementor-button-content-wrapper\">\n\t\t\t\t\t\t\t\t\t<span class=\"elementor-button-text\">Compartir en WhatsApp (espa\u00f1ol)<\/span>\n\t\t\t\t\t<\/span>\n\t\t\t\t\t<\/a>\n\t\t\t\t\t\t\t\t<\/div>\n\t\t\t\t<div class=\"elementor-element elementor-element-95c8fad elementor-align-center elementor-widget__width-initial elementor-widget elementor-widget-button\" data-id=\"95c8fad\" data-element_type=\"widget\" data-e-type=\"widget\" data-widget_type=\"button.default\">\n\t\t\t\t\t\t\t\t\t\t<a class=\"elementor-button elementor-button-link elementor-size-sm\" href=\"https:\/\/wa.me\/?text=SchoolSearch.com.mx%20is%20building%20a%20directory%20of%20schools%20in%20San%20Miguel%20de%20Allende.Please%20take%20their%20quick%20parent%20survey%20to%20help%20improve%20their%20data%20for%20other%20families.You%27ll%20be%20entered%20into%20a%20drawing%20for%20a%20school%20expense%20scholarship%20%28up%20to%20%245%2C000%20pesos%21%29.https%3A%2F%2Fwww.schoolsearch.com.mx%2Fparents\">\n\t\t\t\t\t\t<span class=\"elementor-button-content-wrapper\">\n\t\t\t\t\t\t\t\t\t<span class=\"elementor-button-text\">Share on WhatsApp (English)<\/span>\n\t\t\t\t\t<\/span>\n\t\t\t\t\t<\/a>\n\t\t\t\t\t\t\t\t<\/div>\n\t\t\t\t<\/div>\n\t\t\t\t\t<\/div>\n\t\t\t\t<\/div>\n\t\t<div class=\"elementor-element elementor-element-72e061c e-flex e-con-boxed e-con e-parent\" data-id=\"72e061c\" data-element_type=\"container\" data-e-type=\"container\" data-settings=\"{&quot;background_background&quot;:&quot;slideshow&quot;,&quot;background_slideshow_gallery&quot;:[{&quot;id&quot;:270,&quot;url&quot;:&quot;https:\\\/\\\/schoolsearch.com.mx\\\/wp-content\\\/uploads\\\/2026\\\/03\\\/ChatGPT-Image-Mar-16-2026-01_11_05-PM.png&quot;},{&quot;id&quot;:269,&quot;url&quot;:&quot;https:\\\/\\\/schoolsearch.com.mx\\\/wp-content\\\/uploads\\\/2026\\\/03\\\/ChatGPT-Image-Mar-16-2026-01_10_58-PM.png&quot;},{&quot;id&quot;:273,&quot;url&quot;:&quot;https:\\\/\\\/schoolsearch.com.mx\\\/wp-content\\\/uploads\\\/2026\\\/03\\\/tmp_1772504022930-793108-1000185968.jpeg&quot;}],&quot;background_slideshow_slide_transition&quot;:&quot;slide_left&quot;,&quot;background_slideshow_loop&quot;:&quot;yes&quot;,&quot;background_slideshow_slide_duration&quot;:5000,&quot;background_slideshow_transition_duration&quot;:500}\">\n\t\t\t\t\t<div class=\"e-con-inner\">\n\t\t<div class=\"elementor-element elementor-element-09d2e97 e-con-full e-flex e-con e-child\" data-id=\"09d2e97\" data-element_type=\"container\" data-e-type=\"container\">\n\t\t\t\t<div class=\"elementor-element elementor-element-776ebd8 elementor-widget__width-initial elementor-widget elementor-widget-heading\" data-id=\"776ebd8\" data-element_type=\"widget\" data-e-type=\"widget\" data-widget_type=\"heading.default\">\n\t\t\t\t\t<h2 class=\"elementor-heading-title elementor-size-default\">\u00bfTienes hijos en m\u00e1s de una escuela?<\/h2>\t\t\t\t<\/div>\n\t\t\t\t<div class=\"elementor-element elementor-element-606b11e elementor-widget elementor-widget-text-editor\" data-id=\"606b11e\" data-element_type=\"widget\" data-e-type=\"widget\" data-widget_type=\"text-editor.default\">\n\t\t\t\t\t\t\t\t\t<p>Agradecemos tus comentarios sobre todas las escuelas a las que han asistido tus hijos. Por favor, completa una encuesta por cada escuela para que el directorio refleje con mayor precisi\u00f3n las experiencias en las distintas comunidades educativas.<br>Tu opini\u00f3n sobre cada escuela es muy valiosa para la comunidad.  <\/p>\t\t\t\t\t\t\t\t<\/div>\n\t\t\t\t<\/div>\n\t\t\t\t<div class=\"elementor-element elementor-element-4141c55 elementor-align-center elementor-widget__width-initial elementor-widget elementor-widget-button\" data-id=\"4141c55\" data-element_type=\"widget\" data-e-type=\"widget\" id=\"parent-survey\" data-widget_type=\"button.default\">\n\t\t\t\t\t\t\t\t\t\t<a class=\"elementor-button elementor-size-sm\" role=\"button\">\n\t\t\t\t\t\t<span class=\"elementor-button-content-wrapper\">\n\t\t\t\t\t\t\t\t\t<span class=\"elementor-button-text\">\u2193 Take Our Parent Survey \u2193<\/span>\n\t\t\t\t\t<\/span>\n\t\t\t\t\t<\/a>\n\t\t\t\t\t\t\t\t<\/div>\n\t\t\t\t\t<\/div>\n\t\t\t\t<\/div>\n\t\t<div class=\"elementor-element elementor-element-0eee56f e-flex e-con-boxed e-con e-parent\" data-id=\"0eee56f\" data-element_type=\"container\" data-e-type=\"container\">\n\t\t\t\t\t<div class=\"e-con-inner\">\n\t\t\t\t<div class=\"elementor-element elementor-element-33ecd43 elementor-widget elementor-widget-html\" data-id=\"33ecd43\" data-element_type=\"widget\" data-e-type=\"widget\" data-widget_type=\"html.default\">\n\t\t\t\t\t<iframe src=\"https:\/\/docs.google.com\/forms\/d\/e\/1FAIpQLSdQLTsKVnyYcXyOlAwxa_5mUJxXRw8o3p2-lt3vWehjsuIpuA\/viewform?embedded=true\" width=\"640\" height=\"8307\" frameborder=\"0\" marginheight=\"0\" marginwidth=\"0\">-<\/iframe>\t\t\t\t<\/div>\n\t\t\t\t\t<\/div>\n\t\t\t\t<\/div>\n\t\t\t\t<\/div>\n\t\t","protected":false},"excerpt":{"rendered":"<p>Familias Ay\u00fadanos a mejorar continuamente la calidad y utilidad de la informaci\u00f3n en nuestro sitio compartiendo tu experiencia con escuelas [&hellip;]<\/p>\n","protected":false},"author":3,"featured_media":0,"parent":0,"menu_order":0,"comment_status":"closed","ping_status":"closed","template":"","meta":{"site-sidebar-layout":"no-sidebar","site-content-layout":"","ast-site-content-layout":"full-width-container","site-content-style":"default","site-sidebar-style":"default","ast-global-header-display":"","ast-banner-title-visibility":"","ast-main-header-display":"","ast-hfb-above-header-display":"","ast-hfb-below-header-display":"","ast-hfb-mobile-header-display":"","site-post-title":"Deshabilitado","ast-breadcrumbs-content":"","ast-featured-img":"disabled","footer-sml-layout":"","ast-disable-related-posts":"","theme-transparent-header-meta":"","adv-header-id-meta":"","stick-header-meta":"","header-above-stick-meta":"","header-main-stick-meta":"","header-below-stick-meta":"","astra-migrate-meta-layouts":"default","ast-page-background-enabled":"default","ast-page-background-meta":{"desktop":{"background-color":"var(--ast-global-color-5)","background-image":"","background-repeat":"repeat","background-position":"center center","background-size":"auto","background-attachment":"scroll","background-type":"","background-media":"","overlay-type":"","overlay-color":"","overlay-opacity":"","overlay-gradient":""},"tablet":{"background-color":"","background-image":"","background-repeat":"repeat","background-position":"center center","background-size":"auto","background-attachment":"scroll","background-type":"","background-media":"","overlay-type":"","overlay-color":"","overlay-opacity":"","overlay-gradient":""},"mobile":{"background-color":"","background-image":"","background-repeat":"repeat","background-position":"center center","background-size":"auto","background-attachment":"scroll","background-type":"","background-media":"","overlay-type":"","overlay-color":"","overlay-opacity":"","overlay-gradient":""}},"ast-content-background-meta":{"desktop":{"background-color":"var(--ast-global-color-4)","background-image":"","background-repeat":"repeat","background-position":"center center","background-size":"auto","background-attachment":"scroll","background-type":"","background-media":"","overlay-type":"","overlay-color":"","overlay-opacity":"","overlay-gradient":""},"tablet":{"background-color":"var(--ast-global-color-4)","background-image":"","background-repeat":"repeat","background-position":"center center","background-size":"auto","background-attachment":"scroll","background-type":"","background-media":"","overlay-type":"","overlay-color":"","overlay-opacity":"","overlay-gradient":""},"mobile":{"background-color":"var(--ast-global-color-4)","background-image":"","background-repeat":"repeat","background-position":"center center","background-size":"auto","background-attachment":"scroll","background-type":"","background-media":"","overlay-type":"","overlay-color":"","overlay-opacity":"","overlay-gradient":""}},"footnotes":""},"class_list":["post-279","page","type-page","status-publish","hentry"],"_links":{"self":[{"href":"https:\/\/schoolsearch.com.mx\/es\/wp-json\/wp\/v2\/pages\/279","targetHints":{"allow":["GET"]}}],"collection":[{"href":"https:\/\/schoolsearch.com.mx\/es\/wp-json\/wp\/v2\/pages"}],"about":[{"href":"https:\/\/schoolsearch.com.mx\/es\/wp-json\/wp\/v2\/types\/page"}],"author":[{"embeddable":true,"href":"https:\/\/schoolsearch.com.mx\/es\/wp-json\/wp\/v2\/users\/3"}],"replies":[{"embeddable":true,"href":"https:\/\/schoolsearch.com.mx\/es\/wp-json\/wp\/v2\/comments?post=279"}],"version-history":[{"count":0,"href":"https:\/\/schoolsearch.com.mx\/es\/wp-json\/wp\/v2\/pages\/279\/revisions"}],"wp:attachment":[{"href":"https:\/\/schoolsearch.com.mx\/es\/wp-json\/wp\/v2\/media?parent=279"}],"curies":[{"name":"wp","href":"https:\/\/api.w.org\/{rel}","templated":true}]}}